{"id":13,"date":"2016-02-12T12:00:27","date_gmt":"2016-02-12T11:00:27","guid":{"rendered":"http:\/\/www.zab-scheel.de\/index.php\/impressum\/"},"modified":"2024-12-05T10:45:17","modified_gmt":"2024-12-05T09:45:17","slug":"impressum","status":"publish","type":"page","link":"https:\/\/www.zab-scheel.de\/index.php\/impressum\/","title":{"rendered":"Impressum"},"content":{"rendered":"<p><strong>Susanne Scheel<\/strong><\/p>\n<p>Betriebs\u00e4rztin<br \/>\nFach\u00e4rztin f\u00fcr Allgemeinmedizin, Notfallmedizin<\/p>\n<p>Zentrum f\u00fcr Arbeitssicherheit und Betriebsmedizin Scheel<br \/>\nAlter Kirchenweg 62<br \/>\n24983 Handewitt<br \/>\nTelefon: 04608 \/9716375<br \/>\nTelefax: 04608 \/9716377<\/p>\n<p><a href=\"https:\/\/www.zab-scheel.de\">www.zab-scheel.de<\/a><br \/>\ninfo(\u00e4t)zab-scheel.de<\/p>\n<p>USt-Ident-Nr.: DE815588560<br \/>\nStNr.: 15\/176\/05067<\/p>\n<div class=\"su-divider su-divider-style-dotted\" style=\"margin:15px 0;border-width:1px;border-color:#ccc\"><\/div>\n<p>Weitere Angaben gem\u00e4\u00df \u00a75, Abs,1 Telemediengesetz<\/p>\n<p>Zust\u00e4ndige \u00c4rztekammer: \u00c4rztekammer Schleswig-Holstein, Bismarckallee 8-12, 23795 Bad Segeberg (<a href=\"https:\/\/www.aeksh.de\" target=\"_blank\" rel=\"noopener\">http:\/\/www.aeksh.de<\/a>)<br \/>\nBerufsbezeichnung: Arzt (erworben in Deutschland)<\/p>\n<p>Facharztbezeichnung:<br \/>\nFach\u00e4rztin f. Allgemeinmedizin (Anerkennung erteilt durch \u00c4rztekammer Schleswig-Holstein)\u00a0 Zusatzbezeichnung:<br \/>\nBetriebsmedizin (Anerkennung erteilt durch \u00c4rztekammer Schleswig-Holstein)<br \/>\nNotfallmedizin (Anerkennung erteilt durch \u00c4rztekammer Schleswig-Holstein)<\/p>\n<p>Berufsordnung: <a href=\"https:\/\/www.aeksh.de\/aerzte\/recht\/rechtsgrundlagen\" target=\"_blank\" rel=\"noopener\">https:\/\/www.aeksh.de\/aerzte\/recht\/rechtsgrundlagen <\/a><br \/>\nHeilberufekammergesetz: <a href=\"https:\/\/www.aeksh.de\/aerzte\/recht\/rechtsgrundlagen\" target=\"_blank\" rel=\"noopener\">https:\/\/www.aeksh.de\/aerzte\/recht\/rechtsgrundlagen<\/a><\/p>\n<div class=\"su-divider su-divider-style-dotted\" style=\"margin:15px 0;border-width:1px;border-color:#ccc\"><\/div>\n<p>Technische Umsetzung und Design:<\/p>\n<div class=\"su-divider su-divider-style-dotted\" style=\"margin:15px 0;border-width:1px;border-color:#ccc\"><\/div>\n<p><a name=\"bildquellen\"><\/a><strong>Bildquellen und Rechte:<\/strong><\/p>\n<p>(c) ZAB &#8211; Zentrum f\u00fcr Arbeitssicherheit und Betriebsmedizin Scheel<br \/>\n(c) fotolia.com:<\/p>\n<p>(c) Zerbor (#65816825)<br \/>\n(c) Gina Sanders (#102198469)<br \/>\n(c) ikonoklast_hh (#65995772)<br \/>\n(c) Kzenon (#86260472)<br \/>\n(c) Jeanette Dietl (#54252450)<\/p>\n","protected":false},"excerpt":{"rendered":"<p>Susanne Scheel Betriebs\u00e4rztin Fach\u00e4rztin f\u00fcr Allgemeinmedizin, Notfallmedizin Zentrum f\u00fcr Arbeitssicherheit und Betriebsmedizin Scheel Alter Kirchenweg 62 24983 Handewitt Telefon: 04608 \/9716375 Telefax: 04608 \/9716377 www.zab-scheel.de info(\u00e4t)zab-scheel.de USt-Ident-Nr.: DE815588560 StNr.: 15\/176\/05067 Weitere Angaben gem\u00e4\u00df \u00a75, Abs,1 Telemediengesetz Zust\u00e4ndige \u00c4rztekammer: \u00c4rztekammer Schleswig-Holstein, Bismarckallee 8-12, 23795 Bad Segeberg (http:\/\/www.aeksh.de) Berufsbezeichnung: Arzt (erworben in Deutschland) Facharztbezeichnung: Fach\u00e4rztin f. Allgemeinmedizin [&hellip;]<\/p>\n","protected":false},"author":7,"featured_media":0,"parent":0,"menu_order":6,"comment_status":"closed","ping_status":"closed","template":"","meta":{"footnotes":""},"class_list":["post-13","page","type-page","status-publish","hentry"],"_links":{"self":[{"href":"https:\/\/www.zab-scheel.de\/index.php\/wp-json\/wp\/v2\/pages\/13","targetHints":{"allow":["GET"]}}],"collection":[{"href":"https:\/\/www.zab-scheel.de\/index.php\/wp-json\/wp\/v2\/pages"}],"about":[{"href":"https:\/\/www.zab-scheel.de\/index.php\/wp-json\/wp\/v2\/types\/page"}],"author":[{"embeddable":true,"href":"https:\/\/www.zab-scheel.de\/index.php\/wp-json\/wp\/v2\/users\/7"}],"replies":[{"embeddable":true,"href":"https:\/\/www.zab-scheel.de\/index.php\/wp-json\/wp\/v2\/comments?post=13"}],"version-history":[{"count":10,"href":"https:\/\/www.zab-scheel.de\/index.php\/wp-json\/wp\/v2\/pages\/13\/revisions"}],"predecessor-version":[{"id":193,"href":"https:\/\/www.zab-scheel.de\/index.php\/wp-json\/wp\/v2\/pages\/13\/revisions\/193"}],"wp:attachment":[{"href":"https:\/\/www.zab-scheel.de\/index.php\/wp-json\/wp\/v2\/media?parent=13"}],"curies":[{"name":"wp","href":"https:\/\/api.w.org\/{rel}","templated":true}]}}