{"id":2,"date":"2016-02-11T17:27:31","date_gmt":"2016-02-11T16:27:31","guid":{"rendered":"http:\/\/www.zab-scheel.de\/?page_id=2"},"modified":"2025-07-16T08:22:10","modified_gmt":"2025-07-16T06:22:10","slug":"beispiel-seite","status":"publish","type":"page","link":"https:\/\/www.zab-scheel.de\/","title":{"rendered":"ZAB \u2013 Zentrum f\u00fcr Arbeitssicherheit und Betriebsmedizin Scheel \u2013 Homepage"},"content":{"rendered":"<p>Willkommen auf unserer Website, die sich gerade im Umbau befindet!<\/p>\n<p>Wir, das Zentrum f\u00fcr Arbeitssicherheit und Betriebsmedizin Scheel, bieten Ihnen die Wahrnehmung der Aufgaben nach \u00a7 3 und \u00a7 6 Arbeitsschutzgesetz und weiterer Leistungen dar\u00fcber hinaus, wie arbeitsmedizinische Vorsorge, \u00e4rztliche Untersuchungen und Leistungen zur Gefahrenstoffverordnung.<\/p>\n<p>Wir freuen uns \u00fcber Ihr Interesse! Bei Fragen stehen wir Ihnen gerne zur Verf\u00fcgung. Ob pers\u00f6nlich, am Telefon oder gleich hier \u00fcber unser Kontaktformular. Wir freuen uns auf Sie!<\/p>\n<div class=\"su-divider su-divider-style-default\" style=\"margin:15px 0;border-width:1px;border-color:#999999\"><\/div>\n<div class=\"su-row\"><div class=\"su-column su-column-size-1-3\"><div class=\"su-column-inner su-u-clearfix su-u-trim\">\n<p><img loading=\"lazy\" decoding=\"async\" class=\"size-full wp-image-45 aligncenter\" src=\"\/wp-content\/uploads\/2016\/02\/small-0.jpg\" alt=\"small-0\" width=\"268\" height=\"135\" \/><\/p>\n<p style=\"text-align: center;\"><em><strong>Unsere Leistungen &gt;&gt;<\/strong><\/em><\/p>\n<\/div><\/div> <div class=\"su-column su-column-size-1-3\"><div class=\"su-column-inner su-u-clearfix su-u-trim\">\n<p><img loading=\"lazy\" decoding=\"async\" class=\"size-full wp-image-35 aligncenter\" src=\"\/wp-content\/uploads\/2016\/02\/betriebsarzt.jpg\" alt=\"betriebsarzt\" width=\"268\" height=\"135\" srcset=\"https:\/\/www.zab-scheel.de\/wp-content\/uploads\/2016\/02\/betriebsarzt.jpg 268w, https:\/\/www.zab-scheel.de\/wp-content\/uploads\/2016\/02\/betriebsarzt-250x126.jpg 250w\" sizes=\"auto, (max-width: 268px) 100vw, 268px\" \/><\/p>\n<p style=\"text-align: center;\"><em><strong>Untersuchungen &gt;&gt;<\/strong><\/em><\/p>\n<\/div><\/div> <div class=\"su-column su-column-size-1-3\"><div class=\"su-column-inner su-u-clearfix su-u-trim\">\n<p><img loading=\"lazy\" decoding=\"async\" class=\"size-full wp-image-36 aligncenter\" src=\"\/wp-content\/uploads\/2016\/02\/small-3.jpg\" alt=\"small-3\" width=\"268\" height=\"135\" srcset=\"https:\/\/www.zab-scheel.de\/wp-content\/uploads\/2016\/02\/small-3.jpg 268w, https:\/\/www.zab-scheel.de\/wp-content\/uploads\/2016\/02\/small-3-250x126.jpg 250w\" sizes=\"auto, (max-width: 268px) 100vw, 268px\" \/><\/p>\n<p style=\"text-align: center;\"><em><strong>\u00dcber Uns &gt;&gt;<\/strong><\/em><\/p>\n<\/div><\/div><\/div>\n","protected":false},"excerpt":{"rendered":"<p>Willkommen auf unserer Website, die sich gerade im Umbau befindet! Wir, das Zentrum f\u00fcr Arbeitssicherheit und Betriebsmedizin Scheel, bieten Ihnen die Wahrnehmung der Aufgaben nach \u00a7 3 und \u00a7 6 Arbeitsschutzgesetz und weiterer Leistungen dar\u00fcber hinaus, wie arbeitsmedizinische Vorsorge, \u00e4rztliche Untersuchungen und Leistungen zur Gefahrenstoffverordnung. Wir freuen uns \u00fcber Ihr Interesse! Bei Fragen stehen wir [&hellip;]<\/p>\n","protected":false},"author":7,"featured_media":0,"parent":0,"menu_order":0,"comment_status":"closed","ping_status":"open","template":"","meta":{"footnotes":""},"class_list":["post-2","page","type-page","status-publish","hentry"],"_links":{"self":[{"href":"https:\/\/www.zab-scheel.de\/index.php\/wp-json\/wp\/v2\/pages\/2","targetHints":{"allow":["GET"]}}],"collection":[{"href":"https:\/\/www.zab-scheel.de\/index.php\/wp-json\/wp\/v2\/pages"}],"about":[{"href":"https:\/\/www.zab-scheel.de\/index.php\/wp-json\/wp\/v2\/types\/page"}],"author":[{"embeddable":true,"href":"https:\/\/www.zab-scheel.de\/index.php\/wp-json\/wp\/v2\/users\/7"}],"replies":[{"embeddable":true,"href":"https:\/\/www.zab-scheel.de\/index.php\/wp-json\/wp\/v2\/comments?post=2"}],"version-history":[{"count":8,"href":"https:\/\/www.zab-scheel.de\/index.php\/wp-json\/wp\/v2\/pages\/2\/revisions"}],"predecessor-version":[{"id":303,"href":"https:\/\/www.zab-scheel.de\/index.php\/wp-json\/wp\/v2\/pages\/2\/revisions\/303"}],"wp:attachment":[{"href":"https:\/\/www.zab-scheel.de\/index.php\/wp-json\/wp\/v2\/media?parent=2"}],"curies":[{"name":"wp","href":"https:\/\/api.w.org\/{rel}","templated":true}]}}