{"id":23,"date":"2016-02-17T10:05:26","date_gmt":"2016-02-17T09:05:26","guid":{"rendered":"http:\/\/www.zab-scheel.de\/index.php\/leistungen\/aufgabe-nach-arbeitssicherheitsgesetz\/"},"modified":"2016-03-11T13:58:47","modified_gmt":"2016-03-11T12:58:47","slug":"aufgabe-nach-arbeitssicherheitsgesetz","status":"publish","type":"page","link":"https:\/\/www.zab-scheel.de\/index.php\/leistungen\/aufgabe-nach-arbeitssicherheitsgesetz\/","title":{"rendered":"Aufgaben nach Arbeitssicherheitsgesetz"},"content":{"rendered":"<ul>Leistungen zur Wahrnehmung der Aufgaben nach \u00a73 und \u00a76 Arbeitssicherheitsgesetz (ASIG)<\/ul>\n<ul>\n<li>Betriebs\u00e4rztliche und sicherheitstechnische Regelbetreuung sowie Alternative bedarfsorientierte Betreuung von Betrieben nach DGUV Vorschrift 2.<\/li>\n<li>Teilnahme an Arbeitsschutzausschusssitzungen.<\/li>\n<li>Arbeitsmedizinischen Beratung\u00a0 und Vorsorge mit Durchf\u00fchrung aller Pflicht-, Angebots- und Wunschuntersuchungen nach ArbMedVV.<\/li>\n<li>Unterst\u00fctzung bei Wiedereingliederung nach l\u00e4ngerer Erkrankung.<\/li>\n<li>Betriebsbegehungen.<\/li>\n<li>Beratung und Unterst\u00fctzung bei der Gefahrenanalyse bzw. Gef\u00e4hrdungsbeurteilung und Ableitung der entsprechenden Schutzma\u00dfnahmen nach Arbeitsschutzgesetz.<\/li>\n<li>Unterweisungen von F\u00fchrungskr\u00e4ften und Mitarbeitern.<\/li>\n<li>Unterst\u00fctzung im Gefahrstoffmanagement.<\/li>\n<li>Erstellung von Betriebsanweisungen und Ex-Schutzdokumenten.<\/li>\n<li>Beratung und Unterst\u00fctzung bei der Einrichtung von Flucht- und Rettungswegen.<\/li>\n<li>Pr\u00fcfung von Leitern, Tritte und Fahrger\u00fcste nach Betriebssicherheitsverordnung.<\/li>\n<li>Beratung zum Mutterschutzgesetz.<\/li>\n<li>Beratungen zu und Durchf\u00fchrung von Impfungen.<\/li>\n<\/ul>\n","protected":false},"excerpt":{"rendered":"<p>Leistungen zur Wahrnehmung der Aufgaben nach \u00a73 und \u00a76 Arbeitssicherheitsgesetz (ASIG) Betriebs\u00e4rztliche und sicherheitstechnische Regelbetreuung sowie Alternative bedarfsorientierte Betreuung von Betrieben nach DGUV Vorschrift 2. Teilnahme an Arbeitsschutzausschusssitzungen. Arbeitsmedizinischen Beratung\u00a0 und Vorsorge mit Durchf\u00fchrung aller Pflicht-, Angebots- und Wunschuntersuchungen nach ArbMedVV. Unterst\u00fctzung bei Wiedereingliederung nach l\u00e4ngerer Erkrankung. Betriebsbegehungen. Beratung und Unterst\u00fctzung bei der Gefahrenanalyse bzw. [&hellip;]<\/p>\n","protected":false},"author":7,"featured_media":0,"parent":7,"menu_order":1,"comment_status":"closed","ping_status":"closed","template":"","meta":{"footnotes":""},"class_list":["post-23","page","type-page","status-publish","hentry"],"_links":{"self":[{"href":"https:\/\/www.zab-scheel.de\/index.php\/wp-json\/wp\/v2\/pages\/23","targetHints":{"allow":["GET"]}}],"collection":[{"href":"https:\/\/www.zab-scheel.de\/index.php\/wp-json\/wp\/v2\/pages"}],"about":[{"href":"https:\/\/www.zab-scheel.de\/index.php\/wp-json\/wp\/v2\/types\/page"}],"author":[{"embeddable":true,"href":"https:\/\/www.zab-scheel.de\/index.php\/wp-json\/wp\/v2\/users\/7"}],"replies":[{"embeddable":true,"href":"https:\/\/www.zab-scheel.de\/index.php\/wp-json\/wp\/v2\/comments?post=23"}],"version-history":[{"count":3,"href":"https:\/\/www.zab-scheel.de\/index.php\/wp-json\/wp\/v2\/pages\/23\/revisions"}],"predecessor-version":[{"id":110,"href":"https:\/\/www.zab-scheel.de\/index.php\/wp-json\/wp\/v2\/pages\/23\/revisions\/110"}],"up":[{"embeddable":true,"href":"https:\/\/www.zab-scheel.de\/index.php\/wp-json\/wp\/v2\/pages\/7"}],"wp:attachment":[{"href":"https:\/\/www.zab-scheel.de\/index.php\/wp-json\/wp\/v2\/media?parent=23"}],"curies":[{"name":"wp","href":"https:\/\/api.w.org\/{rel}","templated":true}]}}