{"id":24,"date":"2016-02-17T10:05:26","date_gmt":"2016-02-17T09:05:26","guid":{"rendered":"http:\/\/www.zab-scheel.de\/index.php\/leistungen\/aerztliche-untersuchungen\/"},"modified":"2025-02-05T12:19:12","modified_gmt":"2025-02-05T11:19:12","slug":"aerztliche-untersuchungen","status":"publish","type":"page","link":"https:\/\/www.zab-scheel.de\/index.php\/leistungen\/aerztliche-untersuchungen\/","title":{"rendered":"\u00c4rztliche Untersuchungen"},"content":{"rendered":"<p><strong>Untersuchungen gem\u00e4\u00df Verordnung zur arbeitsmedizinischen Vorsorge (ArbMedVV)<\/strong><\/p>\n<ul>\n<li>Durchf\u00fchrung aller Pflicht-, Angebots- und Wunschuntersuchungen nach ArbMedVV.<\/li>\n<\/ul>\n<p><strong>Untersuchungen zur Fahrerlaubnisverordnung:<\/strong><\/p>\n<ul>\n<li>\u00e4rztliche Untersuchung einschlie\u00dflich Sehtest zur Erteilung oder Verl\u00e4ngerung der Fahrerlaubnis der Klassen C, C1, CE, C1E, D, D1, DE, D1E oder der Fahrerlaubnis zur Fahrgastbef\u00f6rderung<\/li>\n<li>psychologisches Testverfahren \/ Psychometrischer Test f\u00fcr die Erteilung oder Verl\u00e4ngerung einer Fahrerlaubnis der Klassen D, D1, DE, D1E sowie einer Fahrerlaubnis zur Fahrgastbef\u00f6rderung<\/li>\n<\/ul>\n<p><strong>Untersuchungen zur Gefahrstoffverordnung<\/strong><\/p>\n<ul>\n<li>Sch\u00e4dlingsbek\u00e4mpfung<\/li>\n<li>Begasung<\/li>\n<\/ul>\n<p><a name=\"spezielle\"><\/a><strong>Spezielle Eignungsuntersuchungen<\/strong><\/p>\n<ul>\n<li>Fahr-,Steuer-, \u00dcberwachungst\u00e4tigkeit (E FS\u00dc)<\/li>\n<li>Atemschutzger\u00e4tetr\u00e4ger (E ASG)<\/li>\n<li>Arbeiten mit Absturzgefahr (E ABS)<\/li>\n<li>Arbeitnehmer auf Offshore-Windenergieanlagen und anderen Offshore-Installationen (\u00c4rztin der VGB-Liste)<\/li>\n<li>Tauchtauglichkeit (E \u00dcDR + E TAU)<\/li>\n<li>Arbeiten in sauerstoffreduzierter Atmosph\u00e4re (E SRA)<\/li>\n<li>Einstellungsuntersuchungen<\/li>\n<\/ul>\n<p><a name=\"sonstige\"><\/a><strong>Sonstige Untersuchungen<\/strong><\/p>\n<ul>\n<li>Funktionskontrolle von Geh\u00f6rschutz-Otoplastiken nach L\u00e4rm- und Vibrations-Arbeitsschutzverordnung TRLV L\u00e4rm Teil 3, Kap. 6.2.3<\/li>\n<li>Vorsorgeuntersuchung f\u00fcr Musiker<\/li>\n<li>Fahrtauglichkeitsberatung f\u00fcr Senioren<\/li>\n<li>\u00c4rztliches Zeugnis f\u00fcr Sportbootf\u00fchrerscheinerwerber<\/li>\n<li>Sehf\u00e4higkeitsbescheinigung Zerst\u00f6rungsfreie Pr\u00fcfung<\/li>\n<\/ul>\n<p><strong>Amtlich anerkannte Sehteststelle (\u00a767 FeV)<\/strong><\/p>\n","protected":false},"excerpt":{"rendered":"<p>Untersuchungen gem\u00e4\u00df Verordnung zur arbeitsmedizinischen Vorsorge (ArbMedVV) Durchf\u00fchrung aller Pflicht-, Angebots- und Wunschuntersuchungen nach ArbMedVV. Untersuchungen zur Fahrerlaubnisverordnung: \u00e4rztliche Untersuchung einschlie\u00dflich Sehtest zur Erteilung oder Verl\u00e4ngerung der Fahrerlaubnis der Klassen C, C1, CE, C1E, D, D1, DE, D1E oder der Fahrerlaubnis zur Fahrgastbef\u00f6rderung psychologisches Testverfahren \/ Psychometrischer Test f\u00fcr die Erteilung oder Verl\u00e4ngerung einer Fahrerlaubnis [&hellip;]<\/p>\n","protected":false},"author":7,"featured_media":0,"parent":7,"menu_order":2,"comment_status":"closed","ping_status":"closed","template":"","meta":{"footnotes":""},"class_list":["post-24","page","type-page","status-publish","hentry"],"_links":{"self":[{"href":"https:\/\/www.zab-scheel.de\/index.php\/wp-json\/wp\/v2\/pages\/24","targetHints":{"allow":["GET"]}}],"collection":[{"href":"https:\/\/www.zab-scheel.de\/index.php\/wp-json\/wp\/v2\/pages"}],"about":[{"href":"https:\/\/www.zab-scheel.de\/index.php\/wp-json\/wp\/v2\/types\/page"}],"author":[{"embeddable":true,"href":"https:\/\/www.zab-scheel.de\/index.php\/wp-json\/wp\/v2\/users\/7"}],"replies":[{"embeddable":true,"href":"https:\/\/www.zab-scheel.de\/index.php\/wp-json\/wp\/v2\/comments?post=24"}],"version-history":[{"count":8,"href":"https:\/\/www.zab-scheel.de\/index.php\/wp-json\/wp\/v2\/pages\/24\/revisions"}],"predecessor-version":[{"id":201,"href":"https:\/\/www.zab-scheel.de\/index.php\/wp-json\/wp\/v2\/pages\/24\/revisions\/201"}],"up":[{"embeddable":true,"href":"https:\/\/www.zab-scheel.de\/index.php\/wp-json\/wp\/v2\/pages\/7"}],"wp:attachment":[{"href":"https:\/\/www.zab-scheel.de\/index.php\/wp-json\/wp\/v2\/media?parent=24"}],"curies":[{"name":"wp","href":"https:\/\/api.w.org\/{rel}","templated":true}]}}