{"id":31,"date":"2016-02-17T10:11:10","date_gmt":"2016-02-17T09:11:10","guid":{"rendered":"http:\/\/www.zab-scheel.de\/index.php\/leistungen\/weitere-leistungen\/"},"modified":"2025-07-16T08:28:16","modified_gmt":"2025-07-16T06:28:16","slug":"weitere-leistungen","status":"publish","type":"page","link":"https:\/\/www.zab-scheel.de\/index.php\/leistungen\/weitere-leistungen\/","title":{"rendered":"Individuelle Leistungen"},"content":{"rendered":"<p>Wir bieten \u00fcber das \u00fcbliche Leistungsspektrum noch viele weitere individuelle Leistungen an. <a href=\"https:\/\/www.zab-scheel.de\/index.php\/kontakt\/\">Setzen Sie sich einfach mit uns in Verbindung<\/a> und beschreiben Sie uns Ihre W\u00fcnsche.<\/p>\n<p>Gemeinsam erarbeiten wir eine L\u00f6sung, wie wir Sie mit unseren fachlichen Qualifikationen beraten und unterst\u00fctzen k\u00f6nnen. Gerne kommen wir auch zu Ihnen und f\u00fchren unsere Leistungen vor Ort mit Ihnen und Ihren Mitarbeitern aus.<\/p>\n<p>Und nicht nur Firmen bieten wir gerne unsere Leistungen an. Ben\u00f6tigen Sie zum Beispiel spezielle Untersuchungen? <a href=\"https:\/\/www.zab-scheel.de\/index.php\/kontakt\/\">Sprechen Sie mit uns<\/a>.<\/p>\n","protected":false},"excerpt":{"rendered":"<p>Wir bieten \u00fcber das \u00fcbliche Leistungsspektrum noch viele weitere individuelle Leistungen an. Setzen Sie sich einfach mit uns in Verbindung und beschreiben Sie uns Ihre W\u00fcnsche. Gemeinsam erarbeiten wir eine L\u00f6sung, wie wir Sie mit unseren fachlichen Qualifikationen beraten und unterst\u00fctzen k\u00f6nnen. Gerne kommen wir auch zu Ihnen und f\u00fchren unsere Leistungen vor Ort mit [&hellip;]<\/p>\n","protected":false},"author":7,"featured_media":0,"parent":7,"menu_order":3,"comment_status":"closed","ping_status":"closed","template":"","meta":{"footnotes":""},"class_list":["post-31","page","type-page","status-publish","hentry"],"_links":{"self":[{"href":"https:\/\/www.zab-scheel.de\/index.php\/wp-json\/wp\/v2\/pages\/31","targetHints":{"allow":["GET"]}}],"collection":[{"href":"https:\/\/www.zab-scheel.de\/index.php\/wp-json\/wp\/v2\/pages"}],"about":[{"href":"https:\/\/www.zab-scheel.de\/index.php\/wp-json\/wp\/v2\/types\/page"}],"author":[{"embeddable":true,"href":"https:\/\/www.zab-scheel.de\/index.php\/wp-json\/wp\/v2\/users\/7"}],"replies":[{"embeddable":true,"href":"https:\/\/www.zab-scheel.de\/index.php\/wp-json\/wp\/v2\/comments?post=31"}],"version-history":[{"count":3,"href":"https:\/\/www.zab-scheel.de\/index.php\/wp-json\/wp\/v2\/pages\/31\/revisions"}],"predecessor-version":[{"id":305,"href":"https:\/\/www.zab-scheel.de\/index.php\/wp-json\/wp\/v2\/pages\/31\/revisions\/305"}],"up":[{"embeddable":true,"href":"https:\/\/www.zab-scheel.de\/index.php\/wp-json\/wp\/v2\/pages\/7"}],"wp:attachment":[{"href":"https:\/\/www.zab-scheel.de\/index.php\/wp-json\/wp\/v2\/media?parent=31"}],"curies":[{"name":"wp","href":"https:\/\/api.w.org\/{rel}","templated":true}]}}