{"id":91,"date":"2016-03-11T13:22:18","date_gmt":"2016-03-11T12:22:18","guid":{"rendered":"http:\/\/www.zab-scheel.de\/index.php\/ueber-uns\/unser-leitbild\/"},"modified":"2016-03-11T13:45:51","modified_gmt":"2016-03-11T12:45:51","slug":"unser-leitbild","status":"publish","type":"page","link":"https:\/\/www.zab-scheel.de\/index.php\/ueber-uns\/unser-leitbild\/","title":{"rendered":"Unser Leitbild"},"content":{"rendered":"<p>Arbeitssicherheit und Betriebsmedizin besch\u00e4ftigt sich mit der Analyse und Beurteilung von Arbeitsbedingungen, Arbeitsabl\u00e4ufen und Organisatorischen Abl\u00e4ufen. Daraus leiten sich verschieden pr\u00e4ventive Ma\u00dfnahmen ab, um Gesundheitsgefahren f\u00fcr Besch\u00e4ftigte zu erkennen und zu minimieren.<\/p>\n<p>Ziel unseres Handelns sind gesunde, zufriedene Besch\u00e4ftigte in wirtschaftlich erfolgreichen Unternehmen. Wir unterst\u00fctzen Unternehmen bei allen Fragen des betrieblichen Arbeitsschutzes und Gesundheitsmanagements. Dabei ist unserer T\u00e4tigkeit ganzheitlich ausgerichtet und pr\u00e4ventiv orientiert.<\/p>\n<p>Wir verf\u00fcgen \u00fcber, eine hohe Sozialkompetenz, gute Kommunikationsf\u00e4higkeit und Verst\u00e4ndnis f\u00fcr die Arbeitswelt. Wir verstehen uns als Dienstleister f\u00fcr Betriebe und Besch\u00e4ftigte. Umfassendes Wissen aktualisiert durch regelm\u00e4\u00dfige Fortbildung ist uns ein Selbstverst\u00e4ndnis und Garant f\u00fcr die hohe Qualit\u00e4t unserer Arbeit.<\/p>\n<p>&nbsp;<\/p>\n","protected":false},"excerpt":{"rendered":"<p>Arbeitssicherheit und Betriebsmedizin besch\u00e4ftigt sich mit der Analyse und Beurteilung von Arbeitsbedingungen, Arbeitsabl\u00e4ufen und Organisatorischen Abl\u00e4ufen. Daraus leiten sich verschieden pr\u00e4ventive Ma\u00dfnahmen ab, um Gesundheitsgefahren f\u00fcr Besch\u00e4ftigte zu erkennen und zu minimieren. Ziel unseres Handelns sind gesunde, zufriedene Besch\u00e4ftigte in wirtschaftlich erfolgreichen Unternehmen. Wir unterst\u00fctzen Unternehmen bei allen Fragen des betrieblichen Arbeitsschutzes und Gesundheitsmanagements. Dabei [&hellip;]<\/p>\n","protected":false},"author":7,"featured_media":0,"parent":12,"menu_order":1,"comment_status":"closed","ping_status":"closed","template":"","meta":{"footnotes":""},"class_list":["post-91","page","type-page","status-publish","hentry"],"_links":{"self":[{"href":"https:\/\/www.zab-scheel.de\/index.php\/wp-json\/wp\/v2\/pages\/91","targetHints":{"allow":["GET"]}}],"collection":[{"href":"https:\/\/www.zab-scheel.de\/index.php\/wp-json\/wp\/v2\/pages"}],"about":[{"href":"https:\/\/www.zab-scheel.de\/index.php\/wp-json\/wp\/v2\/types\/page"}],"author":[{"embeddable":true,"href":"https:\/\/www.zab-scheel.de\/index.php\/wp-json\/wp\/v2\/users\/7"}],"replies":[{"embeddable":true,"href":"https:\/\/www.zab-scheel.de\/index.php\/wp-json\/wp\/v2\/comments?post=91"}],"version-history":[{"count":3,"href":"https:\/\/www.zab-scheel.de\/index.php\/wp-json\/wp\/v2\/pages\/91\/revisions"}],"predecessor-version":[{"id":107,"href":"https:\/\/www.zab-scheel.de\/index.php\/wp-json\/wp\/v2\/pages\/91\/revisions\/107"}],"up":[{"embeddable":true,"href":"https:\/\/www.zab-scheel.de\/index.php\/wp-json\/wp\/v2\/pages\/12"}],"wp:attachment":[{"href":"https:\/\/www.zab-scheel.de\/index.php\/wp-json\/wp\/v2\/media?parent=91"}],"curies":[{"name":"wp","href":"https:\/\/api.w.org\/{rel}","templated":true}]}}