{"id":92,"date":"2016-03-11T13:22:18","date_gmt":"2016-03-11T12:22:18","guid":{"rendered":"http:\/\/www.zab-scheel.de\/index.php\/ueber-uns\/wer-wir-sind\/"},"modified":"2024-06-10T16:17:50","modified_gmt":"2024-06-10T14:17:50","slug":"wer-wir-sind","status":"publish","type":"page","link":"https:\/\/www.zab-scheel.de\/index.php\/ueber-uns\/wer-wir-sind\/","title":{"rendered":"Wer wir sind"},"content":{"rendered":"<div class=\"su-row\"><div class=\"su-column su-column-size-1-3\"><div class=\"su-column-inner su-u-clearfix su-u-trim\">\n<p><a href=\"https:\/\/www.zab-scheel.de\/wp-content\/uploads\/2016\/03\/zab-fr-scheel.jpg\" rel=\"lightbox[92]\"><img loading=\"lazy\" decoding=\"async\" class=\"alignnone wp-image-100 size-thumbnail\" src=\"https:\/\/www.zab-scheel.de\/wp-content\/uploads\/2016\/03\/zab-fr-scheel-150x150.jpg\" alt=\"zab-fr-scheel\" width=\"150\" height=\"150\" \/><\/a><\/p>\n<\/div><\/div> <div class=\"su-column su-column-size-2-3\"><div class=\"su-column-inner su-u-clearfix su-u-trim\">\n<p><em>Susanne Scheel<\/em><\/p>\n<p><em>Betriebs\u00e4rztin<\/em><\/p>\n<p>Fach\u00e4rztin f\u00fcr Allgemeinmedizin, Notfallmedizin<br \/>\nVerkehrsmedizinische Begutachtung<\/p>\n<\/div><\/div> <\/div>\n<p>Frau Susanne Scheel ist Inhaberin des Zentrums f\u00fcr Arbeitssicherheit und Betriebsmedizin Scheel. Nach dem Studium der Humanmedizin in G\u00f6ttingen absolvierte sie die 5-j\u00e4hrige Weiterbildung zur Fach\u00e4rztin f\u00fcr Allgemeinmedizin, erlangte die Zusatzbezeichnungen Betriebsmedizin und Notfallmedizin und qualifizierte sich im Bereich der verkehrsmedizinischen Begutachtung sowie der Reise-und Tropenmedizin.<\/p>\n<p>Seit Januar 2016 ist Susanne Scheel als Betriebs\u00e4rztin mit ihrem Ehemann Roland Scheel als Fachkraft f\u00fcr Arbeitssicherheit in ihrer Praxis in Handewitt t\u00e4tig.<\/p>\n<div class=\"su-divider su-divider-style-dotted\" style=\"margin:15px 0;border-width:1px;border-color:#ccc\"><\/div>\n<div class=\"su-row\"><div class=\"su-column su-column-size-1-3\"><div class=\"su-column-inner su-u-clearfix su-u-trim\">\n<p><a href=\"https:\/\/www.zab-scheel.de\/wp-content\/uploads\/2016\/03\/zab-hr-scheel.jpg\" rel=\"lightbox[92]\"><img loading=\"lazy\" decoding=\"async\" class=\"alignnone wp-image-101 size-thumbnail\" src=\"https:\/\/www.zab-scheel.de\/wp-content\/uploads\/2016\/03\/zab-hr-scheel-150x150.jpg\" alt=\"\" width=\"150\" height=\"150\" \/><\/a><\/p>\n<\/div><\/div> <div class=\"su-column su-column-size-2-3\"><div class=\"su-column-inner su-u-clearfix su-u-trim\">\n<p><em>Roland Scheel<\/em><\/p>\n<p><em>Fachkraft f\u00fcr Arbeitssicherheit<br \/>\ngem\u00e4\u00df \u00a77 des Arbeitssicherheitsgesetzes<\/em><\/p>\n<p>Brandschutzbeauftragter<\/p>\n<p>Gefahrstoffbeauftragter<\/p>\n<p>Kraftfahrzeugtechnikermeister<\/p>\n<\/div><\/div> <\/div>\n<p>Herr Roland Scheel ist im ZAB-Scheel f\u00fcr alle Fragen der Arbeitssicherheit und Unfallverh\u00fctung der Kunden sowie f\u00fcr das Management der Praxis im nicht\u00e4rztlichen Bereich und der Finanzbuchhaltung zust\u00e4ndig.<\/p>\n<p>Eine fr\u00fchere Weiterbildung zum EDV-Fachmann und der Sachkundenachweis zur &#8222;bef\u00e4higten Person zur Pr\u00fcfung von Leitern, Tritten und Fahrger\u00fcste&#8220; runden sein berufliches Profil ab.<\/p>\n","protected":false},"excerpt":{"rendered":"<p>Frau Susanne Scheel ist Inhaberin des Zentrums f\u00fcr Arbeitssicherheit und Betriebsmedizin Scheel. Nach dem Studium der Humanmedizin in G\u00f6ttingen absolvierte sie die 5-j\u00e4hrige Weiterbildung zur Fach\u00e4rztin f\u00fcr Allgemeinmedizin, erlangte die Zusatzbezeichnungen Betriebsmedizin und Notfallmedizin und qualifizierte sich im Bereich der verkehrsmedizinischen Begutachtung sowie der Reise-und Tropenmedizin. Seit Januar 2016 ist Susanne Scheel als Betriebs\u00e4rztin mit [&hellip;]<\/p>\n","protected":false},"author":7,"featured_media":0,"parent":12,"menu_order":2,"comment_status":"closed","ping_status":"closed","template":"","meta":{"footnotes":""},"class_list":["post-92","page","type-page","status-publish","hentry"],"_links":{"self":[{"href":"https:\/\/www.zab-scheel.de\/index.php\/wp-json\/wp\/v2\/pages\/92","targetHints":{"allow":["GET"]}}],"collection":[{"href":"https:\/\/www.zab-scheel.de\/index.php\/wp-json\/wp\/v2\/pages"}],"about":[{"href":"https:\/\/www.zab-scheel.de\/index.php\/wp-json\/wp\/v2\/types\/page"}],"author":[{"embeddable":true,"href":"https:\/\/www.zab-scheel.de\/index.php\/wp-json\/wp\/v2\/users\/7"}],"replies":[{"embeddable":true,"href":"https:\/\/www.zab-scheel.de\/index.php\/wp-json\/wp\/v2\/comments?post=92"}],"version-history":[{"count":10,"href":"https:\/\/www.zab-scheel.de\/index.php\/wp-json\/wp\/v2\/pages\/92\/revisions"}],"predecessor-version":[{"id":170,"href":"https:\/\/www.zab-scheel.de\/index.php\/wp-json\/wp\/v2\/pages\/92\/revisions\/170"}],"up":[{"embeddable":true,"href":"https:\/\/www.zab-scheel.de\/index.php\/wp-json\/wp\/v2\/pages\/12"}],"wp:attachment":[{"href":"https:\/\/www.zab-scheel.de\/index.php\/wp-json\/wp\/v2\/media?parent=92"}],"curies":[{"name":"wp","href":"https:\/\/api.w.org\/{rel}","templated":true}]}}